{"id":887,"date":"2025-03-26T15:43:28","date_gmt":"2025-03-26T15:43:28","guid":{"rendered":"https:\/\/radmasters.com.br\/?post_type=product&#038;p=887"},"modified":"2025-11-14T13:51:33","modified_gmt":"2025-11-14T16:51:33","slug":"imagem-de-figado-e-li-rads","status":"publish","type":"product","link":"https:\/\/radmasters.com.br\/es\/producto\/imagem-de-figado-e-li-rads\/","title":{"rendered":"Imagen de H\u00edgado y LI-RADS"},"content":{"rendered":"<div class=\"elementor-element elementor-element-ca101c7 elementor-position-left elementor-vertical-align-middle elementor-widget elementor-widget-image-box animated fadeInUp\" data-id=\"ca101c7\" data-element_type=\"widget\" data-settings=\"{&quot;_animation&quot;:&quot;fadeInUp&quot;}\" data-widget_type=\"image-box.default\">\n<div class=\"elementor-widget-container\">\n<div class=\"elementor-image-box-wrapper\">\n<div class=\"elementor-image-box-content\">\n<h4 style=\"text-align: center;\">Hor\u00e1rio: 19h30 \u00e0s 21h30<\/h4>\n<h4 style=\"text-align: center;\">Datas: <span style=\"color: #053328;\"><strong>09, 16 e 23 <\/strong><\/span>de setembro de 2025 | Online<\/h4>\n<\/div>\n<\/div>\n<\/div>\n<\/div>\n<div class=\"elementor-element elementor-element-fec8b95 elementor-widget elementor-widget-text-editor animated fadeInUp\" data-id=\"fec8b95\" data-element_type=\"widget\" data-settings=\"{&quot;_animation&quot;:&quot;fadeInUp&quot;}\" data-widget_type=\"text-editor.default\"><\/div>\n<h5>Contenido Program\u00e1tico:<\/h5>\n<p><strong>Sess\u00e3o 1: Avalia\u00e7\u00e3o de T\u00e9cnicas de Quantifica\u00e7\u00e3o Hep\u00e1tica.<\/strong><\/p>\n<ul>\n<li><strong>T\u00e9cnicas de Cuantificaci\u00f3n Hep\u00e1tica:<\/strong>\u00a0Apresenta\u00e7\u00e3o de m\u00e9todos de quantifica\u00e7\u00e3o da gordura hep\u00e1tica, fibrose e outras altera\u00e7\u00f5es morfol\u00f3gicas com \u00eanfase em t\u00e9cnicas de imagem, particularmente por resson\u00e2ncia magn\u00e9tica.<\/li>\n<li><strong>Sesi\u00f3n Inmersiva:<\/strong>\u00a0Ser\u00e3o avaliados casos reais de quantifica\u00e7\u00e3o, com v\u00e1rias t\u00e9cnicas e aparelhos, mostrando passo a passo de como usar essa ferramenta de forma adequada.<\/li>\n<\/ul>\n<p><strong>Sess\u00e3o 2: LIRADS \u2013 Sess\u00e3o Imersiva nos Aspectos Relevantes e Desafiadores do LIRADS<\/strong><\/p>\n<ul>\n<li><strong>LI-RADS (Sistema de Informes y Datos de Im\u00e1genes Hep\u00e1ticas):<\/strong>\u00a0Enfoque completo de los criterios y categor\u00edas del sistema LI-RADS, con \u00e9nfasis en su aplicaci\u00f3n pr\u00e1ctica en la evaluaci\u00f3n de lesiones hep\u00e1ticas.<\/li>\n<li><strong>Sesi\u00f3n Inmersiva:<\/strong>\u00a0Discusi\u00f3n interactiva sobre casos cl\u00ednicos en los que se aplicaron las directrices de LI-RADS, destacando las sutilezas y los desaf\u00edos que surgen en la pr\u00e1ctica cl\u00ednica. Enfoque en casos reales para promover el intercambio de experiencias y enriquecer el aprendizaje.<\/li>\n<\/ul>\n<p><strong>Sess\u00e3o 3: LIRADS-<u>TR<\/u> \u2013 Sess\u00e3o Imersiva nos Aspectos Relevantes e Desafiadores do algoritmo de tratamento do LIRADS 2024<\/strong><\/p>\n<ul>\n<li><strong>LIRADS-TR (Liver Imaging Reporting and Data System -Treatment Response):<\/strong>\u00a0Abordagem completa da avalia\u00e7\u00e3o de hepatocarcinomas tratados, focando em t\u00e9cnicas de abla\u00e7\u00e3o focal, com ou sem o uso de radia\u00e7\u00e3o, usando como base o documento atualizado de 2024.<\/li>\n<li><strong>Sesi\u00f3n Inmersiva:<\/strong>\u00a0Discuss\u00e3o interativa sobre casos cl\u00ednicos, avaliando e discutindo os aspectos pr\u00e9 e p\u00f3s tratamento, em casos reais, para discuss\u00e3o mais pr\u00e1tica.<\/li>\n<\/ul>","protected":false},"excerpt":{"rendered":"<p>El curso <strong>RadMasters de Imagen de H\u00edgado<\/strong> ofrece una experiencia inmersiva y completa en el diagn\u00f3stico y manejo de hepatopat\u00edas y lesiones focales hep\u00e1ticas. Dirigido a radi\u00f3logos, m\u00e9dicos interesados en diagn\u00f3stico por imagen y residentes, este curso tiene como objetivo mejorar las habilidades pr\u00e1cticas y te\u00f3ricas de los participantes, capacit\u00e1ndolos para enfrentar los desaf\u00edos en la evaluaci\u00f3n hep\u00e1tica y sus implicaciones cl\u00ednicas.<\/p>","protected":false},"featured_media":1396,"comment_status":"open","ping_status":"closed","template":"","meta":[],"product_brand":[],"product_cat":[34],"product_tag":[37],"class_list":{"0":"post-887","1":"product","2":"type-product","3":"status-publish","4":"has-post-thumbnail","6":"product_cat-curso-2","7":"product_tag-radmasters","9":"first","10":"outofstock","11":"purchasable","12":"product-type-variable"},"_links":{"self":[{"href":"https:\/\/radmasters.com.br\/es\/wp-json\/wp\/v2\/product\/887","targetHints":{"allow":["GET"]}}],"collection":[{"href":"https:\/\/radmasters.com.br\/es\/wp-json\/wp\/v2\/product"}],"about":[{"href":"https:\/\/radmasters.com.br\/es\/wp-json\/wp\/v2\/types\/product"}],"replies":[{"embeddable":true,"href":"https:\/\/radmasters.com.br\/es\/wp-json\/wp\/v2\/comments?post=887"}],"wp:featuredmedia":[{"embeddable":true,"href":"https:\/\/radmasters.com.br\/es\/wp-json\/wp\/v2\/media\/1396"}],"wp:attachment":[{"href":"https:\/\/radmasters.com.br\/es\/wp-json\/wp\/v2\/media?parent=887"}],"wp:term":[{"taxonomy":"product_brand","embeddable":true,"href":"https:\/\/radmasters.com.br\/es\/wp-json\/wp\/v2\/product_brand?post=887"},{"taxonomy":"product_cat","embeddable":true,"href":"https:\/\/radmasters.com.br\/es\/wp-json\/wp\/v2\/product_cat?post=887"},{"taxonomy":"product_tag","embeddable":true,"href":"https:\/\/radmasters.com.br\/es\/wp-json\/wp\/v2\/product_tag?post=887"}],"curies":[{"name":"wp","href":"https:\/\/api.w.org\/{rel}","templated":true}]}}