{"id":1494,"date":"2025-04-08T17:14:21","date_gmt":"2025-04-08T20:14:21","guid":{"rendered":"https:\/\/radmasters.com.br\/?post_type=product&#038;p=1494"},"modified":"2025-11-14T13:50:27","modified_gmt":"2025-11-14T16:50:27","slug":"combo-6-reto-figado","status":"publish","type":"product","link":"https:\/\/radmasters.com.br\/es\/producto\/combo-6-reto-figado\/","title":{"rendered":"Combo 6 &#8211; Reto + F\u00edgado"},"content":{"rendered":"<h4 style=\"text-align: center;\"><strong>Adquira os cursos de Imagem de Reto + Imagem de F\u00edgado e LI-RADS com descontos especiais!<\/strong><\/h4>\n<p>&nbsp;<\/p>\n<p>El curso <strong>RadMasters de Imagen de Recto<\/strong> ofrece una experiencia inmersiva y completa para profesionales de la salud interesados en la evaluaci\u00f3n y manejo del c\u00e1ncer rectal mediante t\u00e9cnicas avanzadas de imagen. Dirigido a radi\u00f3logos, m\u00e9dicos interesados en diagn\u00f3stico por imagen y residentes, este curso tiene como objetivo perfeccionar las habilidades de los participantes, capacit\u00e1ndolos para enfrentar los desaf\u00edos en el manejo del c\u00e1ncer de recto y sus implicaciones cl\u00ednicas.<\/p>\n<div class=\"elementor-element elementor-element-8f2a585 elementor-widget elementor-widget-woocommerce-product-short-description animated fadeInUp\" data-id=\"8f2a585\" data-element_type=\"widget\" data-settings=\"{&quot;_animation&quot;:&quot;fadeInUp&quot;}\" data-widget_type=\"woocommerce-product-short-description.default\">\n<div class=\"elementor-widget-container\">\n<div class=\"woocommerce-product-details__short-description\">\n<p>El curso\u00a0<strong>RadMasters de Imagen de H\u00edgado<\/strong> ofrece una experiencia inmersiva y completa en el diagn\u00f3stico y manejo de hepatopat\u00edas y lesiones focales hep\u00e1ticas. Dirigido a radi\u00f3logos, m\u00e9dicos interesados en diagn\u00f3stico por imagen y residentes, este curso tiene como objetivo mejorar las habilidades pr\u00e1cticas y te\u00f3ricas de los participantes, capacit\u00e1ndolos para enfrentar los desaf\u00edos en la evaluaci\u00f3n hep\u00e1tica y sus implicaciones cl\u00ednicas.<\/p>\n<\/div>\n<\/div>\n<\/div>","protected":false},"excerpt":{"rendered":"<p>\u00a1Consulta el contenido program\u00e1tico completo de cada uno de los cursos! \u00a1Haz clic abajo!<\/p>\n<p><strong><a href=\"https:\/\/radmasters.com.br\/es\/producto\/imagem-de-reto\/\">Imagen de Recto<\/a><\/strong>\u00a0<strong> \u00a0&#8211;<\/strong> <strong>\u00a0\u00a0<a href=\"https:\/\/radmasters.com.br\/es\/producto\/imagem-de-figado-e-li-rads\/\">Imagen de H\u00edgado y LI-RADS<\/a><\/strong><\/p>","protected":false},"featured_media":1488,"comment_status":"open","ping_status":"closed","template":"","meta":[],"product_brand":[],"product_cat":[36],"product_tag":[37],"class_list":{"0":"post-1494","1":"product","2":"type-product","3":"status-publish","4":"has-post-thumbnail","6":"product_cat-combo-6","7":"product_tag-radmasters","9":"first","10":"outofstock","11":"purchasable","12":"product-type-variable"},"_links":{"self":[{"href":"https:\/\/radmasters.com.br\/es\/wp-json\/wp\/v2\/product\/1494","targetHints":{"allow":["GET"]}}],"collection":[{"href":"https:\/\/radmasters.com.br\/es\/wp-json\/wp\/v2\/product"}],"about":[{"href":"https:\/\/radmasters.com.br\/es\/wp-json\/wp\/v2\/types\/product"}],"replies":[{"embeddable":true,"href":"https:\/\/radmasters.com.br\/es\/wp-json\/wp\/v2\/comments?post=1494"}],"wp:featuredmedia":[{"embeddable":true,"href":"https:\/\/radmasters.com.br\/es\/wp-json\/wp\/v2\/media\/1488"}],"wp:attachment":[{"href":"https:\/\/radmasters.com.br\/es\/wp-json\/wp\/v2\/media?parent=1494"}],"wp:term":[{"taxonomy":"product_brand","embeddable":true,"href":"https:\/\/radmasters.com.br\/es\/wp-json\/wp\/v2\/product_brand?post=1494"},{"taxonomy":"product_cat","embeddable":true,"href":"https:\/\/radmasters.com.br\/es\/wp-json\/wp\/v2\/product_cat?post=1494"},{"taxonomy":"product_tag","embeddable":true,"href":"https:\/\/radmasters.com.br\/es\/wp-json\/wp\/v2\/product_tag?post=1494"}],"curies":[{"name":"wp","href":"https:\/\/api.w.org\/{rel}","templated":true}]}}