{"id":1483,"date":"2025-04-08T17:10:52","date_gmt":"2025-04-08T20:10:52","guid":{"rendered":"https:\/\/radmasters.com.br\/?post_type=product&#038;p=1483"},"modified":"2025-11-14T13:51:09","modified_gmt":"2025-11-14T16:51:09","slug":"combo-5-prostata-bexiga","status":"publish","type":"product","link":"https:\/\/radmasters.com.br\/es\/producto\/combo-5-prostata-bexiga\/","title":{"rendered":"Combo 5 &#8211; Pr\u00f3stata + Bexiga"},"content":{"rendered":"<h4 style=\"text-align: center;\"><strong>Adquira os cursos de Imagem de Pr\u00f3sta + Imagem de Bexiga e VI-RADS com descontos especiais!<\/strong><\/h4>\n<p>&nbsp;<\/p>\n<p>El curso <strong>RadMasters de Imagen de Pr\u00f3stata<\/strong> es una oportunidad \u00fanica e inmersiva para que profesionales de la salud se especialicen en imagen de pr\u00f3stata, con un enfoque especial en la resonancia magn\u00e9tica (RM) y t\u00e9cnicas de imagen molecular. Dirigido a radi\u00f3logos, m\u00e9dicos interesados en diagn\u00f3stico por imagen y residentes del \u00e1rea de la salud, este curso completo promete transformar la pr\u00e1ctica de los participantes, proporcion\u00e1ndoles conocimientos y habilidades esenciales que impactar\u00e1n significativamente su enfoque cl\u00ednico.<\/p>\n<div class=\"elementor-element elementor-element-8f2a585 elementor-widget elementor-widget-woocommerce-product-short-description animated fadeInUp\" data-id=\"8f2a585\" data-element_type=\"widget\" data-settings=\"{&quot;_animation&quot;:&quot;fadeInUp&quot;}\" data-widget_type=\"woocommerce-product-short-description.default\">\n<div class=\"elementor-widget-container\">\n<div class=\"woocommerce-product-details__short-description\">\n<p>El curso <strong>RadMasters de Imagen de la Vejiga<\/strong> ofrece una inmersi\u00f3n completa en el diagn\u00f3stico y manejo de las condiciones relacionadas con la vejiga y el tracto urinario superior. Dirigido a radi\u00f3logos, m\u00e9dicos interesados en diagn\u00f3stico por imagen y residentes, este curso tiene como objetivo mejorar las habilidades de los participantes en la evaluaci\u00f3n por imagen, capacit\u00e1ndolos para enfrentar los desaf\u00edos en la interpretaci\u00f3n y diagn\u00f3stico de las condiciones vesicales.<\/p>\n<\/div>\n<\/div>\n<\/div>","protected":false},"excerpt":{"rendered":"<p>\u00a1Consulta el contenido program\u00e1tico completo de cada uno de los cursos! \u00a1Haz clic abajo!<\/p>\n<p><strong><a href=\"https:\/\/radmasters.com.br\/es\/producto\/imagem-de-prostata\/\">Imagen de Pr\u00f3stata<\/a>\u00a0 \u00a0&#8211; \u00a0\u00a0<a href=\"https:\/\/radmasters.com.br\/es\/producto\/imagem-de-bexiga\/\">Imagen de Vejiga y VI-RADS<\/a><\/strong><\/p>","protected":false},"featured_media":1489,"comment_status":"open","ping_status":"closed","template":"","meta":[],"product_brand":[],"product_cat":[35],"product_tag":[37],"class_list":{"0":"post-1483","1":"product","2":"type-product","3":"status-publish","4":"has-post-thumbnail","6":"product_cat-combo-5","7":"product_tag-radmasters","9":"first","10":"outofstock","11":"purchasable","12":"product-type-variable"},"_links":{"self":[{"href":"https:\/\/radmasters.com.br\/es\/wp-json\/wp\/v2\/product\/1483","targetHints":{"allow":["GET"]}}],"collection":[{"href":"https:\/\/radmasters.com.br\/es\/wp-json\/wp\/v2\/product"}],"about":[{"href":"https:\/\/radmasters.com.br\/es\/wp-json\/wp\/v2\/types\/product"}],"replies":[{"embeddable":true,"href":"https:\/\/radmasters.com.br\/es\/wp-json\/wp\/v2\/comments?post=1483"}],"wp:featuredmedia":[{"embeddable":true,"href":"https:\/\/radmasters.com.br\/es\/wp-json\/wp\/v2\/media\/1489"}],"wp:attachment":[{"href":"https:\/\/radmasters.com.br\/es\/wp-json\/wp\/v2\/media?parent=1483"}],"wp:term":[{"taxonomy":"product_brand","embeddable":true,"href":"https:\/\/radmasters.com.br\/es\/wp-json\/wp\/v2\/product_brand?post=1483"},{"taxonomy":"product_cat","embeddable":true,"href":"https:\/\/radmasters.com.br\/es\/wp-json\/wp\/v2\/product_cat?post=1483"},{"taxonomy":"product_tag","embeddable":true,"href":"https:\/\/radmasters.com.br\/es\/wp-json\/wp\/v2\/product_tag?post=1483"}],"curies":[{"name":"wp","href":"https:\/\/api.w.org\/{rel}","templated":true}]}}