{"id":1352,"date":"2025-03-26T15:41:13","date_gmt":"2025-03-26T15:41:13","guid":{"rendered":"https:\/\/radmasters.com.br\/?post_type=product&#038;p=1352"},"modified":"2025-11-14T13:51:45","modified_gmt":"2025-11-14T16:51:45","slug":"combo-4-reto-prostata-figado-bexiga","status":"publish","type":"product","link":"https:\/\/radmasters.com.br\/es\/producto\/combo-4-reto-prostata-figado-bexiga\/","title":{"rendered":"Combo 4 \u2013 Recto + Pr\u00f3stata + H\u00edgado + Vejiga"},"content":{"rendered":"<h4 style=\"text-align: center;\"><strong>\u00a1Adquiere los cursos de Imagen de Recto + Imagen de Pr\u00f3stata + Imagen de H\u00edgado y LI-RADS + Imagen de Vejiga y VI-RADS con descuentos especiales!<\/strong><\/h4>\n<p>&nbsp;<\/p>\n<p>El curso <strong>RadMasters de Imagen de Recto<\/strong> ofrece una experiencia inmersiva y completa para profesionales de la salud interesados en la evaluaci\u00f3n y manejo del c\u00e1ncer rectal mediante t\u00e9cnicas avanzadas de imagen. Dirigido a radi\u00f3logos, m\u00e9dicos interesados en diagn\u00f3stico por imagen y residentes, este curso tiene como objetivo perfeccionar las habilidades de los participantes, capacit\u00e1ndolos para enfrentar los desaf\u00edos en el manejo del c\u00e1ncer de recto y sus implicaciones cl\u00ednicas.<\/p>\n<p>El curso <strong>RadMasters de Imagen de Pr\u00f3stata<\/strong> es una oportunidad \u00fanica e inmersiva para que profesionales de la salud se especialicen en imagen de pr\u00f3stata, con un enfoque especial en la resonancia magn\u00e9tica (RM) y t\u00e9cnicas de imagen molecular. Dirigido a radi\u00f3logos, m\u00e9dicos interesados en diagn\u00f3stico por imagen y residentes del \u00e1rea de la salud, este curso completo promete transformar la pr\u00e1ctica de los participantes, proporcion\u00e1ndoles conocimientos y habilidades esenciales que impactar\u00e1n significativamente su enfoque cl\u00ednico.<\/p>\n<div class=\"elementor-element elementor-element-8f2a585 elementor-widget elementor-widget-woocommerce-product-short-description animated fadeInUp\" data-id=\"8f2a585\" data-element_type=\"widget\" data-settings=\"{&quot;_animation&quot;:&quot;fadeInUp&quot;}\" data-widget_type=\"woocommerce-product-short-description.default\">\n<div class=\"elementor-widget-container\">\n<div class=\"woocommerce-product-details__short-description\">\n<p>El curso\u00a0<strong>RadMasters de Imagen de H\u00edgado<\/strong> ofrece una experiencia inmersiva y completa en el diagn\u00f3stico y manejo de hepatopat\u00edas y lesiones focales hep\u00e1ticas. Dirigido a radi\u00f3logos, m\u00e9dicos interesados en diagn\u00f3stico por imagen y residentes, este curso tiene como objetivo mejorar las habilidades pr\u00e1cticas y te\u00f3ricas de los participantes, capacit\u00e1ndolos para enfrentar los desaf\u00edos en la evaluaci\u00f3n hep\u00e1tica y sus implicaciones cl\u00ednicas.<\/p>\n<div class=\"elementor-element elementor-element-8f2a585 elementor-widget elementor-widget-woocommerce-product-short-description animated fadeInUp\" data-id=\"8f2a585\" data-element_type=\"widget\" data-settings=\"{&quot;_animation&quot;:&quot;fadeInUp&quot;}\" data-widget_type=\"woocommerce-product-short-description.default\">\n<div class=\"elementor-widget-container\">\n<div class=\"woocommerce-product-details__short-description\">\n<p>El curso\u00a0<strong>RadMasters de Imagen de la Vejiga<\/strong> ofrece una inmersi\u00f3n completa en el diagn\u00f3stico y manejo de las condiciones relacionadas con la vejiga y el tracto urinario superior. Dirigido a radi\u00f3logos, m\u00e9dicos interesados en diagn\u00f3stico por imagen y residentes, este curso tiene como objetivo mejorar las habilidades de los participantes en la evaluaci\u00f3n por imagen, capacit\u00e1ndolos para enfrentar los desaf\u00edos en la interpretaci\u00f3n y diagn\u00f3stico de las condiciones vesicales.<\/p>\n<\/div>\n<\/div>\n<\/div>\n<\/div>\n<\/div>\n<\/div>","protected":false},"excerpt":{"rendered":"<p>\u00a1Consulta el contenido program\u00e1tico completo de cada uno de los cursos! \u00a1Haz clic abajo!<\/p>\n<p><strong><a href=\"https:\/\/radmasters.com.br\/es\/producto\/imagem-de-reto\/\">Imagen de Recto<\/a><\/strong>\u00a0<strong> \u00a0&#8211;<\/strong>\u00a0 \u00a0<strong><a href=\"https:\/\/radmasters.com.br\/es\/producto\/imagem-de-prostata\/\">Imagen de Pr\u00f3stata<\/a>\u00a0 \u00a0&#8211;\u00a0 \u00a0<a href=\"https:\/\/radmasters.com.br\/es\/producto\/imagem-de-figado-e-li-rads\/\">Imagen de H\u00edgado y LI-RADS<\/a>\u00a0 \u00a0&#8211;\u00a0 \u00a0<a href=\"https:\/\/radmasters.com.br\/es\/producto\/imagem-de-bexiga\/\">Imagen de Vejiga y VI-RADS<\/a><\/strong><\/p>","protected":false},"featured_media":1493,"comment_status":"open","ping_status":"closed","template":"","meta":[],"product_brand":[],"product_cat":[33],"product_tag":[37],"class_list":{"0":"post-1352","1":"product","2":"type-product","3":"status-publish","4":"has-post-thumbnail","6":"product_cat-combo-4","7":"product_tag-radmasters","9":"first","10":"outofstock","11":"purchasable","12":"product-type-variable"},"_links":{"self":[{"href":"https:\/\/radmasters.com.br\/es\/wp-json\/wp\/v2\/product\/1352","targetHints":{"allow":["GET"]}}],"collection":[{"href":"https:\/\/radmasters.com.br\/es\/wp-json\/wp\/v2\/product"}],"about":[{"href":"https:\/\/radmasters.com.br\/es\/wp-json\/wp\/v2\/types\/product"}],"replies":[{"embeddable":true,"href":"https:\/\/radmasters.com.br\/es\/wp-json\/wp\/v2\/comments?post=1352"}],"wp:featuredmedia":[{"embeddable":true,"href":"https:\/\/radmasters.com.br\/es\/wp-json\/wp\/v2\/media\/1493"}],"wp:attachment":[{"href":"https:\/\/radmasters.com.br\/es\/wp-json\/wp\/v2\/media?parent=1352"}],"wp:term":[{"taxonomy":"product_brand","embeddable":true,"href":"https:\/\/radmasters.com.br\/es\/wp-json\/wp\/v2\/product_brand?post=1352"},{"taxonomy":"product_cat","embeddable":true,"href":"https:\/\/radmasters.com.br\/es\/wp-json\/wp\/v2\/product_cat?post=1352"},{"taxonomy":"product_tag","embeddable":true,"href":"https:\/\/radmasters.com.br\/es\/wp-json\/wp\/v2\/product_tag?post=1352"}],"curies":[{"name":"wp","href":"https:\/\/api.w.org\/{rel}","templated":true}]}}