{"id":1330,"date":"2025-03-26T15:22:02","date_gmt":"2025-03-26T15:22:02","guid":{"rendered":"https:\/\/radmasters.com.br\/?post_type=product&#038;p=1330"},"modified":"2025-11-14T13:52:00","modified_gmt":"2025-11-14T16:52:00","slug":"combo-1-reto-prostata","status":"publish","type":"product","link":"https:\/\/radmasters.com.br\/es\/producto\/combo-1-reto-prostata\/","title":{"rendered":"Combo 1 \u2013 Recto + Pr\u00f3stata"},"content":{"rendered":"<h4 style=\"text-align: center;\"><strong>\u00a1Adquiere los cursos de Imagen de Recto + Imagen de Pr\u00f3stata con descuentos especiales!<\/strong><\/h4>\n<p>&nbsp;<\/p>\n<p>El curso <strong>RadMasters de Imagen de Recto<\/strong> ofrece una experiencia inmersiva y completa para profesionales de la salud interesados en la evaluaci\u00f3n y manejo del c\u00e1ncer rectal mediante t\u00e9cnicas avanzadas de imagen. Dirigido a radi\u00f3logos, m\u00e9dicos interesados en diagn\u00f3stico por imagen y residentes, este curso tiene como objetivo perfeccionar las habilidades de los participantes, capacit\u00e1ndolos para enfrentar los desaf\u00edos en el manejo del c\u00e1ncer de recto y sus implicaciones cl\u00ednicas.<\/p>\n<p>El curso <strong>RadMasters de Imagen de Pr\u00f3stata<\/strong> es una oportunidad \u00fanica e inmersiva para que profesionales de la salud se especialicen en imagen de pr\u00f3stata, con un enfoque especial en la resonancia magn\u00e9tica (RM) y t\u00e9cnicas de imagen molecular. Dirigido a radi\u00f3logos, m\u00e9dicos interesados en diagn\u00f3stico por imagen y residentes del \u00e1rea de la salud, este curso completo promete transformar la pr\u00e1ctica de los participantes, proporcion\u00e1ndoles conocimientos y habilidades esenciales que impactar\u00e1n significativamente su enfoque cl\u00ednico.<\/p>\n<div class=\"elementor-element elementor-element-4e39f88 elementor-widget elementor-widget-heading animated fadeInUp\" data-id=\"4e39f88\" data-element_type=\"widget\" data-settings=\"{&quot;_animation&quot;:&quot;fadeInUp&quot;}\" data-widget_type=\"heading.default\">\n<div class=\"elementor-widget-container\"><\/div>\n<\/div>","protected":false},"excerpt":{"rendered":"<p>\u00a1Consulta el contenido program\u00e1tico completo de cada uno de los cursos! \u00a1Haz clic abajo!<\/p>\n<p><strong><a href=\"https:\/\/radmasters.com.br\/es\/producto\/imagem-de-reto\/\">Imagen de Recto<\/a><\/strong>\u00a0 \u00a0<strong>&#8211;<\/strong>\u00a0 \u00a0<strong><a href=\"https:\/\/radmasters.com.br\/es\/producto\/imagem-de-prostata\/\">Imagen de Pr\u00f3stata<\/a><\/strong><\/p>","protected":false},"featured_media":1413,"comment_status":"open","ping_status":"closed","template":"","meta":[],"product_brand":[],"product_cat":[30],"product_tag":[37],"class_list":{"0":"post-1330","1":"product","2":"type-product","3":"status-publish","4":"has-post-thumbnail","6":"product_cat-combo-1","7":"product_tag-radmasters","9":"first","10":"outofstock","11":"purchasable","12":"product-type-variable"},"_links":{"self":[{"href":"https:\/\/radmasters.com.br\/es\/wp-json\/wp\/v2\/product\/1330","targetHints":{"allow":["GET"]}}],"collection":[{"href":"https:\/\/radmasters.com.br\/es\/wp-json\/wp\/v2\/product"}],"about":[{"href":"https:\/\/radmasters.com.br\/es\/wp-json\/wp\/v2\/types\/product"}],"replies":[{"embeddable":true,"href":"https:\/\/radmasters.com.br\/es\/wp-json\/wp\/v2\/comments?post=1330"}],"wp:featuredmedia":[{"embeddable":true,"href":"https:\/\/radmasters.com.br\/es\/wp-json\/wp\/v2\/media\/1413"}],"wp:attachment":[{"href":"https:\/\/radmasters.com.br\/es\/wp-json\/wp\/v2\/media?parent=1330"}],"wp:term":[{"taxonomy":"product_brand","embeddable":true,"href":"https:\/\/radmasters.com.br\/es\/wp-json\/wp\/v2\/product_brand?post=1330"},{"taxonomy":"product_cat","embeddable":true,"href":"https:\/\/radmasters.com.br\/es\/wp-json\/wp\/v2\/product_cat?post=1330"},{"taxonomy":"product_tag","embeddable":true,"href":"https:\/\/radmasters.com.br\/es\/wp-json\/wp\/v2\/product_tag?post=1330"}],"curies":[{"name":"wp","href":"https:\/\/api.w.org\/{rel}","templated":true}]}}